{"id":20,"date":"2022-03-26T18:11:04","date_gmt":"2022-03-26T18:11:04","guid":{"rendered":"https:\/\/laboratorioafetar.com.br\/?page_id=20"},"modified":"2022-10-04T02:12:04","modified_gmt":"2022-10-03T23:12:04","slug":"atividades","status":"publish","type":"page","link":"https:\/\/laboratorioafetar.com.br\/index.php\/atividades\/","title":{"rendered":"Atividades"},"content":{"rendered":"\n<div class=\"wp-block-uagb-container uagb-block-8c59132a alignfull uagb-is-root-container\"><div class=\"uagb-container-inner-blocks-wrap\">\n<h2 class=\"has-ast-global-color-2-color has-text-color has-x-large-font-size uag-hide-tab uag-hide-mob wp-block-heading\">Atividades<\/h2>\n<\/div><\/div>\n\n\n\n<div class=\"wp-block-uagb-container uagb-block-25f1ad77 alignfull uagb-is-root-container\"><div class=\"uagb-container-inner-blocks-wrap\">\n<div class=\"wp-block-uagb-info-box uagb-block-1c76ea98 uagb-infobox__content-wrap  uagb-infobox-icon-above-title uagb-infobox-image-valign-top\"><div class=\"uagb-ifb-content\"><div class=\"uagb-ifb-title-wrap\"><h2 class=\"uagb-ifb-title\">Bancada afeTAR<\/h2><\/div><div class=\"uagb-ifb-separator\"><\/div><p class=\"uagb-ifb-desc\">Encontro de orienta\u00e7\u00e3o coletiva dos trabalhos desenvolvidos no afeTAR que acontece todas as sextas-feiras sob coordena\u00e7\u00e3o da professora Alexandra Tsallis (coordenadora do Laborat\u00f3rio afeTAR). Este encontro \u00e9 composto por estudantes da gradua\u00e7\u00e3o, p\u00f3s-gradua\u00e7\u00e3o e pesquisadores associados ao laborat\u00f3rio assim como tamb\u00e9m estudantes parceiras e parceiros de outras universidades federais.<\/p><\/div><\/div>\n<\/div><\/div>\n\n\n\n<hr class=\"wp-block-separator has-text-color has-ast-global-color-2-color has-alpha-channel-opacity has-ast-global-color-2-background-color has-background is-style-dots\"\/>\n\n\n\n<div class=\"wp-block-uagb-container uagb-block-c05e3c57 alignfull uagb-is-root-container\"><div class=\"uagb-container-inner-blocks-wrap\">\n<div class=\"wp-block-uagb-info-box uagb-block-bca73a70 uagb-infobox__content-wrap  uagb-infobox-icon-above-title uagb-infobox-image-valign-top\"><div class=\"uagb-ifb-content\"><div class=\"uagb-ifb-title-wrap\"><h2 class=\"uagb-ifb-title\">Cuidados Paliativos<\/h2><\/div><div class=\"uagb-ifb-separator\"><\/div><p class=\"uagb-ifb-desc\">Os cuidados paliativos operam na promo\u00e7\u00e3o da qualidade de vida de usu\u00e1rios\/as que enfrentam doen\u00e7as que amea\u00e7am a vida e no suporte aos seus familiares. Em colabora\u00e7\u00e3o com o Hospital Universit\u00e1rio Pedro Ernesto, atuamos no ambulat\u00f3rio do N\u00facleo de Cuidados Paliativos realizando acompanhamento aos usu\u00e1rios\/as e seus familiares em conjunto com uma equipe multiprofissional.<\/p><\/div><\/div>\n<\/div><\/div>\n\n\n\n<hr class=\"wp-block-separator has-text-color has-ast-global-color-2-color has-alpha-channel-opacity has-ast-global-color-2-background-color has-background is-style-dots\"\/>\n\n\n\n<div class=\"wp-block-uagb-container uagb-block-a5f262ad alignfull uagb-is-root-container\"><div class=\"uagb-container-inner-blocks-wrap\">\n<div class=\"wp-block-uagb-info-box uagb-block-e871a6f9 uagb-infobox__content-wrap  uagb-infobox-icon-above-title uagb-infobox-image-valign-top\"><div class=\"uagb-ifb-content\"><div class=\"uagb-ifb-title-wrap\"><h2 class=\"uagb-ifb-title\">Escola<\/h2><\/div><div class=\"uagb-ifb-separator\"><\/div><p class=\"uagb-ifb-desc\">Atuamos em parceria com o Jardim Waldorf Michaelis na Comiss\u00e3o de Sa\u00fade e Biosseguran\u00e7a durante a pandemia da Covid-19 para mapear os casos de infec\u00e7\u00e3o e criar uma rede de suporte e cuidado coletivo. Atualmente contribu\u00edmos com a forma\u00e7\u00e3o de professoras\/es promovendo, atrav\u00e9s de palestras, o letramento e desenvolvimento de pr\u00e1ticas cotidianas de acessibilidade e inclus\u00e3o.<\/p><\/div><\/div>\n<\/div><\/div>\n\n\n\n<hr class=\"wp-block-separator has-text-color has-ast-global-color-2-color has-alpha-channel-opacity has-ast-global-color-2-background-color has-background is-style-dots\"\/>\n\n\n\n<div class=\"wp-block-uagb-container uagb-block-829477fa alignfull uagb-is-root-container\"><div class=\"uagb-container-inner-blocks-wrap\">\n<div class=\"wp-block-uagb-info-box uagb-block-c5194bc1 uagb-infobox__content-wrap  uagb-infobox-icon-above-title uagb-infobox-image-valign-top\"><div class=\"uagb-ifb-content\"><div class=\"uagb-ifb-title-wrap\"><h2 class=\"uagb-ifb-title\">Grupo Terap\u00eautico Pessoas com e sem Defici\u00eancia Visual<\/h2><\/div><div class=\"uagb-ifb-separator\"><\/div><p class=\"uagb-ifb-desc\">O grupo terap\u00eautico \u00e9 um espa\u00e7o de escuta e troca de experi\u00eancias que tem como objetivo a amplia\u00e7\u00e3o da oferta de cuidado, a promo\u00e7\u00e3o de sa\u00fade mental \u00e0 popula\u00e7\u00e3o com defici\u00eancia e o incentivo \u00e0 forma\u00e7\u00e3o de psic\u00f3logas\/os engajadas com o desenvolvimento de pr\u00e1ticas anticapacitistas. O atendimento \u00e9 destinado a pessoas com defici\u00eancia visual, que incluem pessoas com cegueira total ou baixa vis\u00e3o e pessoas videntes, que podem ou n\u00e3o apresentar alguma defici\u00eancia. A psicoterapia em grupo ocorre semanalmente ao longo de uma hora e meia com grupo formado por at\u00e9 oito integrantes e estudantes do Instituto de Psicologia da UERJ atuando como co-terapeutas. O grupo \u00e9 uma aposta na pot\u00eancia do coletivo e parte de uma pol\u00edtica que pensa as pr\u00e1ticas de inclus\u00e3o e acessibilidade como indispens\u00e1veis na constru\u00e7\u00e3o de um mundo plural.<br><\/p><\/div><\/div>\n<\/div><\/div>\n\n\n\n<hr class=\"wp-block-separator has-text-color has-ast-global-color-2-color has-alpha-channel-opacity has-ast-global-color-2-background-color has-background is-style-dots\"\/>\n\n\n\n<div class=\"wp-block-uagb-container uagb-block-910d0e3f alignfull uagb-is-root-container\"><div class=\"uagb-container-inner-blocks-wrap\">\n<div class=\"wp-block-uagb-info-box uagb-block-3565861b uagb-infobox__content-wrap  uagb-infobox-icon-above-title uagb-infobox-image-valign-top\"><div class=\"uagb-ifb-content\"><div class=\"uagb-ifb-title-wrap\"><h2 class=\"uagb-ifb-title\">Grupo Terap\u00eautico Com-Por UERJ<\/h2><\/div><div class=\"uagb-ifb-separator\"><\/div><p class=\"uagb-ifb-desc\">O COM-POR UERJ \u00e9 grupo de atendimento terap\u00eautico realizado com pessoas negras e oferecido por pessoas negras. Em parceria com o Servi\u00e7o de Psicologia Apliacada &#8211; UERJ, este \u00e9 um trabalho que visa a promo\u00e7\u00e3o de sa\u00fade mental da popula\u00e7\u00e3o negra atrav\u00e9s do dispositivo cl\u00ednico grupal al\u00e9m do cuidado com a forma\u00e7\u00e3o de estudantes social e politicamente engajadas\/os em uma pr\u00e1tica antirracista. A equipe de atendimento \u00e9 composta por psic\u00f3logas e estagi\u00e1rias do Laborat\u00f3rio afeTAR. Os atendimentos acontecem semanalmente, tendo a dura\u00e7\u00e3o de uma hora e trinta minutos. <\/p><\/div><\/div>\n<\/div><\/div>\n\n\n\n<hr class=\"wp-block-separator has-text-color has-ast-global-color-2-color has-alpha-channel-opacity has-ast-global-color-2-background-color has-background is-style-dots\"\/>\n\n\n\n<div class=\"wp-block-uagb-container uagb-block-668dab3e alignfull uagb-is-root-container\"><div class=\"uagb-container-inner-blocks-wrap\">\n<div class=\"wp-block-uagb-info-box uagb-block-a147b5d3 uagb-infobox__content-wrap  uagb-infobox-icon-above-title uagb-infobox-image-valign-top\"><div class=\"uagb-ifb-content\"><div class=\"uagb-ifb-title-wrap\"><h2 class=\"uagb-ifb-title\">Parcerias com Organiza\u00e7\u00f5es da Sociedade Civil<\/h2><\/div><div class=\"uagb-ifb-separator\"><\/div><p class=\"uagb-ifb-desc\">Parceria com a Rede Cidad\u00e3, organiza\u00e7\u00e3o da sociedade civil e entidade de assist\u00eancia social que oferece forma\u00e7\u00e3o para jovens aprendizes, grupos de diversidade e pessoas em situa\u00e7\u00e3o de vulnerabilidade social. Por meio de pesquisas aplicadas, contribu\u00edmos para o desenvolvimento de tecnologias sociais articuladas com a organiza\u00e7\u00e3o e o aprimoramento de seus produtos, processos e servi\u00e7os.<\/p><\/div><\/div>\n<\/div><\/div>\n","protected":false},"excerpt":{"rendered":"<p>Atividades<\/p>\n","protected":false},"author":1,"featured_media":0,"parent":0,"menu_order":0,"comment_status":"closed","ping_status":"closed","template":"","meta":{"_uag_custom_page_level_css":"","site-sidebar-layout":"default","site-content-layout":"","ast-site-content-layout":"","site-content-style":"default","site-sidebar-style":"default","ast-global-header-display":"","ast-banner-title-visibility":"","ast-main-header-display":"","ast-hfb-above-header-display":"","ast-hfb-below-header-display":"","ast-hfb-mobile-header-display":"","site-post-title":"disabled","ast-breadcrumbs-content":"","ast-featured-img":"","footer-sml-layout":"","theme-transparent-header-meta":"","adv-header-id-meta":"","stick-header-meta":"","header-above-stick-meta":"","header-main-stick-meta":"","header-below-stick-meta":"","astra-migrate-meta-layouts":"default","ast-page-background-enabled":"default","ast-page-background-meta":{"desktop":{"background-color":"var(--ast-global-color-4)","background-image":"","background-repeat":"repeat","background-position":"center center","background-size":"auto","background-attachment":"scroll","background-type":"","background-media":"","overlay-type":"","overlay-color":"","overlay-opacity":"","overlay-gradient":""},"tablet":{"background-color":"","background-image":"","background-repeat":"repeat","background-position":"center center","background-size":"auto","background-attachment":"scroll","background-type":"","background-media":"","overlay-type":"","overlay-color":"","overlay-opacity":"","overlay-gradient":""},"mobile":{"background-color":"","background-image":"","background-repeat":"repeat","background-position":"center center","background-size":"auto","background-attachment":"scroll","background-type":"","background-media":"","overlay-type":"","overlay-color":"","overlay-opacity":"","overlay-gradient":""}},"ast-content-background-meta":{"desktop":{"background-color":"var(--ast-global-color-5)","background-image":"","background-repeat":"repeat","background-position":"center center","background-size":"auto","background-attachment":"scroll","background-type":"","background-media":"","overlay-type":"","overlay-color":"","overlay-opacity":"","overlay-gradient":""},"tablet":{"background-color":"var(--ast-global-color-5)","background-image":"","background-repeat":"repeat","background-position":"center center","background-size":"auto","background-attachment":"scroll","background-type":"","background-media":"","overlay-type":"","overlay-color":"","overlay-opacity":"","overlay-gradient":""},"mobile":{"background-color":"var(--ast-global-color-5)","background-image":"","background-repeat":"repeat","background-position":"center center","background-size":"auto","background-attachment":"scroll","background-type":"","background-media":"","overlay-type":"","overlay-color":"","overlay-opacity":"","overlay-gradient":""}},"footnotes":""},"class_list":["post-20","page","type-page","status-publish","hentry"],"aioseo_notices":[],"uagb_featured_image_src":{"full":false,"thumbnail":false,"medium":false,"medium_large":false,"large":false,"1536x1536":false,"2048x2048":false},"uagb_author_info":{"display_name":"wpafetar@gmail.com","author_link":"https:\/\/laboratorioafetar.com.br\/index.php\/author\/wpafetargmail-com\/"},"uagb_comment_info":0,"uagb_excerpt":"Atividades","_links":{"self":[{"href":"https:\/\/laboratorioafetar.com.br\/index.php\/wp-json\/wp\/v2\/pages\/20","targetHints":{"allow":["GET"]}}],"collection":[{"href":"https:\/\/laboratorioafetar.com.br\/index.php\/wp-json\/wp\/v2\/pages"}],"about":[{"href":"https:\/\/laboratorioafetar.com.br\/index.php\/wp-json\/wp\/v2\/types\/page"}],"author":[{"embeddable":true,"href":"https:\/\/laboratorioafetar.com.br\/index.php\/wp-json\/wp\/v2\/users\/1"}],"replies":[{"embeddable":true,"href":"https:\/\/laboratorioafetar.com.br\/index.php\/wp-json\/wp\/v2\/comments?post=20"}],"version-history":[{"count":7,"href":"https:\/\/laboratorioafetar.com.br\/index.php\/wp-json\/wp\/v2\/pages\/20\/revisions"}],"predecessor-version":[{"id":294,"href":"https:\/\/laboratorioafetar.com.br\/index.php\/wp-json\/wp\/v2\/pages\/20\/revisions\/294"}],"wp:attachment":[{"href":"https:\/\/laboratorioafetar.com.br\/index.php\/wp-json\/wp\/v2\/media?parent=20"}],"curies":[{"name":"wp","href":"https:\/\/api.w.org\/{rel}","templated":true}]}}