{"id":23,"date":"2022-03-26T18:11:32","date_gmt":"2022-03-26T18:11:32","guid":{"rendered":"https:\/\/laboratorioafetar.com.br\/?page_id=23"},"modified":"2024-02-06T22:16:58","modified_gmt":"2024-02-06T19:16:58","slug":"home","status":"publish","type":"page","link":"https:\/\/laboratorioafetar.com.br\/","title":{"rendered":"In\u00edcio"},"content":{"rendered":"\n<section class=\"wp-block-uagb-section uagb-section__wrap uagb-section__background-none uagb-block-9f898711\"><div class=\"uagb-section__overlay\"><\/div><div class=\"uagb-section__inner-wrap\">\n<h2 class=\"wp-block-heading has-text-align-left has-x-large-font-size\">Quem Somos<\/h2>\n<\/div><\/section>\n\n\n\n<section class=\"wp-block-uagb-section uagb-section__wrap uagb-section__background-none uagb-block-40683df7\"><div class=\"uagb-section__overlay\"><\/div><div class=\"uagb-section__inner-wrap\">\n<figure class=\"wp-block-embed is-type-video is-provider-youtube wp-block-embed-youtube wp-embed-aspect-16-9 wp-has-aspect-ratio\"><div class=\"wp-block-embed__wrapper\">\n<div class=\"ast-oembed-container \" style=\"height: 100%;\"><iframe loading=\"lazy\" title=\"Laborat\u00f3rio afeTAR (quem somos)\" width=\"500\" height=\"281\" src=\"https:\/\/www.youtube.com\/embed\/IAaU1dxpEkE?feature=oembed\" frameborder=\"0\" allow=\"accelerometer; autoplay; clipboard-write; encrypted-media; gyroscope; picture-in-picture; web-share\" referrerpolicy=\"strict-origin-when-cross-origin\" allowfullscreen><\/iframe><\/div>\n<\/div><\/figure>\n<\/div><\/section>\n\n\n\n<section class=\"wp-block-uagb-section uagb-section__wrap uagb-section__background-undefined uagb-block-7c692543\"><div class=\"uagb-section__overlay\"><\/div><div class=\"uagb-section__inner-wrap\">\n<div class=\"wp-block-uagb-info-box uagb-block-1da3756d uagb-infobox__content-wrap  uagb-infobox-icon-above-title uagb-infobox-image-valign-top\"><div class=\"uagb-ifb-content\"><div class=\"uagb-ifb-title-wrap\"><h3 class=\"uagb-ifb-title\">O laborat\u00f3rio<\/h3><\/div><div class=\"uagb-ifb-separator\"><\/div><p class=\"uagb-ifb-desc\">O laborat\u00f3rio afeTAR \u00e9 uma unidade de desenvolvimento tecnol\u00f3gico vinculada ao <a href=\"http:\/\/www.psicologia.uerj.br\/\" title=\"Instituto de Psicologia da Universidade do Estado do Rio de Janeiro\">Instituto de Psicologia da Universidade do Estado do Rio de Janeiro<\/a>. Fazemos parte da <a href=\"https:\/\/pictis.pt\/\" title=\"Plataforma Internacional de Ci\u00eancia, Tecnologia e Inova\u00e7\u00e3o em Sa\u00fade (PICTIS)\">Plataforma Internacional de Ci\u00eancia, Tecnologia e Inova\u00e7\u00e3o em Sa\u00fade <\/a> como organiza\u00e7\u00e3o apoiadora e contamos com a parceria de pesquisadores e pesquisadoras, estudantes da gradua\u00e7\u00e3o e da p\u00f3s-gradua\u00e7\u00e3o, Organiza\u00e7\u00f5es sem fins lucrativos e outras universidades de dentro e fora do Brasil. Desenvolvemos projetos e temos muitas ideais e vontades de construir um mundo onde possamos caber e existir de diferentes formas.<br><br>Temos como compromisso a alegria de poder fomentar o engajamento social e apostar na inova\u00e7\u00e3o dos processos cient\u00edficos eticamente situados. Nossa metodologia afeTAR \u00e9 livremente inspirada na Teoria Ator-Rede e busca experimentar as afeta\u00e7\u00f5es como possibilidade criativa de di\u00e1logo com o mundo. Estar no afeTAR \u00e9 desenvolver tecnologia social performada no encontro.<\/p><\/div><\/div>\n<\/div><\/section>\n\n\n\n<hr class=\"wp-block-separator has-text-color has-ast-global-color-2-color has-alpha-channel-opacity has-ast-global-color-2-background-color has-background is-style-dots\"\/>\n\n\n\n<p><\/p>\n","protected":false},"excerpt":{"rendered":"","protected":false},"author":1,"featured_media":0,"parent":0,"menu_order":0,"comment_status":"closed","ping_status":"closed","template":"","meta":{"_uag_custom_page_level_css":"","site-sidebar-layout":"default","site-content-layout":"default","ast-site-content-layout":"default","site-content-style":"default","site-sidebar-style":"default","ast-global-header-display":"","ast-banner-title-visibility":"","ast-main-header-display":"","ast-hfb-above-header-display":"","ast-hfb-below-header-display":"","ast-hfb-mobile-header-display":"","site-post-title":"disabled","ast-breadcrumbs-content":"","ast-featured-img":"","footer-sml-layout":"","theme-transparent-header-meta":"default","adv-header-id-meta":"","stick-header-meta":"","header-above-stick-meta":"","header-main-stick-meta":"","header-below-stick-meta":"","astra-migrate-meta-layouts":"set","ast-page-background-enabled":"default","ast-page-background-meta":{"desktop":{"background-color":"var(--ast-global-color-4)","background-image":"","background-repeat":"repeat","background-position":"center center","background-size":"auto","background-attachment":"scroll","background-type":"","background-media":"","overlay-type":"","overlay-color":"","overlay-opacity":"","overlay-gradient":""},"tablet":{"background-color":"","background-image":"","background-repeat":"repeat","background-position":"center center","background-size":"auto","background-attachment":"scroll","background-type":"","background-media":"","overlay-type":"","overlay-color":"","overlay-opacity":"","overlay-gradient":""},"mobile":{"background-color":"","background-image":"","background-repeat":"repeat","background-position":"center center","background-size":"auto","background-attachment":"scroll","background-type":"","background-media":"","overlay-type":"","overlay-color":"","overlay-opacity":"","overlay-gradient":""}},"ast-content-background-meta":{"desktop":{"background-color":"var(--ast-global-color-5)","background-image":"","background-repeat":"repeat","background-position":"center center","background-size":"auto","background-attachment":"scroll","background-type":"","background-media":"","overlay-type":"","overlay-color":"","overlay-opacity":"","overlay-gradient":""},"tablet":{"background-color":"var(--ast-global-color-5)","background-image":"","background-repeat":"repeat","background-position":"center center","background-size":"auto","background-attachment":"scroll","background-type":"","background-media":"","overlay-type":"","overlay-color":"","overlay-opacity":"","overlay-gradient":""},"mobile":{"background-color":"var(--ast-global-color-5)","background-image":"","background-repeat":"repeat","background-position":"center center","background-size":"auto","background-attachment":"scroll","background-type":"","background-media":"","overlay-type":"","overlay-color":"","overlay-opacity":"","overlay-gradient":""}},"footnotes":""},"class_list":["post-23","page","type-page","status-publish","hentry"],"aioseo_notices":[],"uagb_featured_image_src":{"full":false,"thumbnail":false,"medium":false,"medium_large":false,"large":false,"1536x1536":false,"2048x2048":false},"uagb_author_info":{"display_name":"wpafetar@gmail.com","author_link":"https:\/\/laboratorioafetar.com.br\/index.php\/author\/wpafetargmail-com\/"},"uagb_comment_info":0,"uagb_excerpt":null,"_links":{"self":[{"href":"https:\/\/laboratorioafetar.com.br\/index.php\/wp-json\/wp\/v2\/pages\/23","targetHints":{"allow":["GET"]}}],"collection":[{"href":"https:\/\/laboratorioafetar.com.br\/index.php\/wp-json\/wp\/v2\/pages"}],"about":[{"href":"https:\/\/laboratorioafetar.com.br\/index.php\/wp-json\/wp\/v2\/types\/page"}],"author":[{"embeddable":true,"href":"https:\/\/laboratorioafetar.com.br\/index.php\/wp-json\/wp\/v2\/users\/1"}],"replies":[{"embeddable":true,"href":"https:\/\/laboratorioafetar.com.br\/index.php\/wp-json\/wp\/v2\/comments?post=23"}],"version-history":[{"count":40,"href":"https:\/\/laboratorioafetar.com.br\/index.php\/wp-json\/wp\/v2\/pages\/23\/revisions"}],"predecessor-version":[{"id":393,"href":"https:\/\/laboratorioafetar.com.br\/index.php\/wp-json\/wp\/v2\/pages\/23\/revisions\/393"}],"wp:attachment":[{"href":"https:\/\/laboratorioafetar.com.br\/index.php\/wp-json\/wp\/v2\/media?parent=23"}],"curies":[{"name":"wp","href":"https:\/\/api.w.org\/{rel}","templated":true}]}}