{"id":26,"date":"2022-03-26T18:12:15","date_gmt":"2022-03-26T18:12:15","guid":{"rendered":"https:\/\/laboratorioafetar.com.br\/?page_id=26"},"modified":"2024-09-20T00:01:49","modified_gmt":"2024-09-19T21:01:49","slug":"equipe","status":"publish","type":"page","link":"https:\/\/laboratorioafetar.com.br\/index.php\/equipe\/","title":{"rendered":"Equipe"},"content":{"rendered":"\r\n<section class=\"wp-block-uagb-section uagb-section__wrap uagb-section__background-none uagb-block-7b616f4a uagb-section__background-undefined\">\r\n<div class=\"uagb-section__overlay\">\u00a0<\/div>\r\n<div class=\"uagb-section__inner-wrap\">\r\n<h2 class=\"wp-block-heading has-x-large-font-size\" style=\"font-style: normal; font-weight: 500;\">Equipe<\/h2>\r\n<\/div>\r\n<\/section>\r\n\r\n\r\n\r\n<section class=\"wp-block-uagb-section uagb-section__wrap uagb-section__background-none uagb-block-407058c1 uagb-section__background-undefined\">\r\n<div class=\"uagb-section__overlay\">\u00a0<\/div>\r\n<div class=\"uagb-section__inner-wrap\">\r\n<h3 class=\"wp-block-heading has-ast-global-color-2-color has-text-color has-large-font-size\">Coordenadora<\/h3>\r\n\r\n\r\n\r\n<ul class=\"wp-block-list\">\r\n<li><a style=\"text-decoration: none;\" href=\"http:\/\/lattes.cnpq.br\/9571574419530510\">Alexandra Tsallis<\/a><\/li>\r\n<\/ul>\r\n<\/div>\r\n<\/section>\r\n\r\n\r\n\r\n<section class=\"wp-block-uagb-section uagb-section__wrap uagb-section__background-none uagb-block-7668ab10 uagb-section__background-undefined\">\r\n<div class=\"uagb-section__overlay\">\u00a0<\/div>\r\n<div class=\"uagb-section__inner-wrap\">\r\n<h3 class=\"wp-block-heading has-ast-global-color-2-color has-text-color has-large-font-size\">Estudantes da P\u00f3s-Gradua\u00e7\u00e3o<\/h3>\r\n\r\n\r\n\r\n<ul class=\"wp-block-list\">\r\n<li><a style=\"text-decoration: none;\" href=\"http:\/\/lattes.cnpq.br\/8530972797176607\">Ge\u00f3rgia de Lima Lopes de Oliveira Sime\u00e3o Big\u00e3o<\/a><\/li>\r\n\r\n\r\n\r\n\r\n\r\n<li><a style=\"text-decoration: none;\" href=\"http:\/\/lattes.cnpq.br\/9000662536187629\">Hebert Silva dos Santos<\/a><\/li>\r\n\r\n\r\n\r\n<li><a style=\"text-decoration: none;\" href=\"http:\/\/lattes.cnpq.br\/4452845557164983\">Keyth Vianna<\/a><\/li>\r\n\r\n\r\n\r\n<li><a style=\"text-decoration: none;\" href=\"http:\/\/lattes.cnpq.br\/1393354177760941\">Jackeline Sibelle Freires Aires<\/a><\/li>\r\n\r\n\r\n\r\n<li><a style=\"text-decoration: none;\" href=\"http:\/\/lattes.cnpq.br\/5956668518586123\">Lo\u00edse Lorena do Nascimento Santos<\/a><\/li>\r\n\r\n\r\n\r\n<li><a style=\"text-decoration: none;\" href=\"http:\/\/lattes.cnpq.br\/3805421107605987\">Matheus Gon\u00e7alves Silva<\/a><\/li>\r\n\r\n\r\n\r\n<li><a style=\"text-decoration: none;\" href=\"https:\/\/lattes.cnpq.br\/8720734648168992\">Patr\u00edcia Soares de Resende<\/a><\/li>\r\n\r\n\r\n\r\n<li><a style=\"text-decoration: none;\" href=\"http:\/\/lattes.cnpq.br\/1510003893279705\">Sonalle Cristina de Azevedo da Fonseca<\/a><\/li>\r\n<\/ul>\r\n<\/div>\r\n<\/section>\r\n\r\n\r\n\r\n<section class=\"wp-block-uagb-section uagb-section__wrap uagb-section__background-none uagb-block-a7c0977b uagb-section__background-undefined\">\r\n<div class=\"uagb-section__overlay\">\u00a0<\/div>\r\n<div class=\"uagb-section__inner-wrap\">\r\n<h3 class=\"wp-block-heading has-ast-global-color-2-color has-text-color has-large-font-size\">Estagi\u00e1rias\/os<\/h3>\r\n\r\n\r\n\r\n<ul class=\"wp-block-list\">\r\n<li><a style=\"text-decoration: none;\" href=\"http:\/\/lattes.cnpq.br\/6013617006937023\">B\u00e1rbara Rodrigues Aguiar dos Santos<\/a><\/li>\r\n<li><a style=\"text-decoration: none;\" href=\"http:\/\/lattes.cnpq.br\/9055059691709450\">Guilherme dos Santos Farias Alves<\/a><\/li>\r\n<li><a style=\"text-decoration: none;\" href=\"http:\/\/lattes.cnpq.br\/3414918420927909\">Jo\u00e3o Pedro Carvalho Braga<\/a><\/li>\r\n<li><a style=\"text-decoration: none;\" href=\"http:\/\/lattes.cnpq.br\/0528576196337592\">Yasmin Tonelli da SIlva Costa<\/a><\/li>\r\n\r\n\r\n<\/ul>\r\n<\/div>\r\n<\/section>\r\n\r\n\r\n\r\n<section class=\"wp-block-uagb-section uagb-section__wrap uagb-section__background-none uagb-block-746f5794 uagb-section__background-undefined\">\r\n<div class=\"uagb-section__overlay\">\u00a0<\/div>\r\n<div class=\"uagb-section__inner-wrap\">\r\n<h3 class=\"wp-block-heading has-ast-global-color-2-color has-text-color has-large-font-size\">Bolsistas<\/h3>\r\n\r\n\r\n\r\n<ul class=\"wp-block-list\">\r\n<li><a style=\"text-decoration: none;\" href=\"http:\/\/lattes.cnpq.br\/5198341219076004\">Andriellen Vit\u00f3ria Borges Martins<\/a><\/li>\r\n\r\n\r\n\r\n<li><a style=\"text-decoration: none;\" title=\"\" href=\"http:\/\/lattes.cnpq.br\/1964313502130332\">\u00c1ster da Silva Santos de Almeida<\/a><\/li>\r\n\r\n\r\n\r\n<li><a style=\"text-decoration: none;\" href=\"http:\/\/lattes.cnpq.br\/4156911496097220\">Danillo Sabino da Silva Moraes<\/a><\/li>\r\n\r\n\r\n\r\n<li><a style=\"text-decoration: none;\" href=\"http:\/\/lattes.cnpq.br\/4500965559398073\">Gabriella Souza Ehms de Abreu<\/a><\/li>\r\n\r\n\r\n\r\n<li><a style=\"text-decoration: none;\" href=\"http:\/\/lattes.cnpq.br\/8307151045170701\">Let\u00edcia da Silva Lapa Guimar\u00e3es<\/a><\/li>\r\n<\/ul>\r\n<\/div>\r\n<\/section>\r\n\r\n\r\n\r\n<section class=\"wp-block-uagb-section uagb-section__wrap uagb-section__background-none uagb-block-e1f3112f uagb-section__background-undefined\">\r\n<div class=\"uagb-section__overlay\">\u00a0<\/div>\r\n<div class=\"uagb-section__inner-wrap\">\r\n<h3 class=\"wp-block-heading has-ast-global-color-2-color has-text-color has-large-font-size\">Pesquisadora<\/h3>\r\n\r\n\r\n\r\n<ul class=\"wp-block-list\">\r\n<li><a style=\"text-decoration: none;\" href=\"http:\/\/lattes.cnpq.br\/3833037612488330\">Monique Ara\u00fajo de Medeiros Brito<\/a><\/li>\r\n\r\n\r\n<\/ul>\r\n<\/div>\r\n<\/section>\r\n","protected":false},"excerpt":{"rendered":"","protected":false},"author":1,"featured_media":0,"parent":0,"menu_order":0,"comment_status":"closed","ping_status":"closed","template":"","meta":{"_uag_custom_page_level_css":"","site-sidebar-layout":"default","site-content-layout":"default","ast-site-content-layout":"default","site-content-style":"default","site-sidebar-style":"default","ast-global-header-display":"","ast-banner-title-visibility":"","ast-main-header-display":"","ast-hfb-above-header-display":"","ast-hfb-below-header-display":"","ast-hfb-mobile-header-display":"","site-post-title":"disabled","ast-breadcrumbs-content":"","ast-featured-img":"","footer-sml-layout":"","theme-transparent-header-meta":"default","adv-header-id-meta":"","stick-header-meta":"","header-above-stick-meta":"","header-main-stick-meta":"","header-below-stick-meta":"","astra-migrate-meta-layouts":"set","ast-page-background-enabled":"default","ast-page-background-meta":{"desktop":{"background-color":"var(--ast-global-color-4)","background-image":"","background-repeat":"repeat","background-position":"center center","background-size":"auto","background-attachment":"scroll","background-type":"","background-media":"","overlay-type":"","overlay-color":"","overlay-opacity":"","overlay-gradient":""},"tablet":{"background-color":"","background-image":"","background-repeat":"repeat","background-position":"center center","background-size":"auto","background-attachment":"scroll","background-type":"","background-media":"","overlay-type":"","overlay-color":"","overlay-opacity":"","overlay-gradient":""},"mobile":{"background-color":"","background-image":"","background-repeat":"repeat","background-position":"center center","background-size":"auto","background-attachment":"scroll","background-type":"","background-media":"","overlay-type":"","overlay-color":"","overlay-opacity":"","overlay-gradient":""}},"ast-content-background-meta":{"desktop":{"background-color":"var(--ast-global-color-5)","background-image":"","background-repeat":"repeat","background-position":"center center","background-size":"auto","background-attachment":"scroll","background-type":"","background-media":"","overlay-type":"","overlay-color":"","overlay-opacity":"","overlay-gradient":""},"tablet":{"background-color":"var(--ast-global-color-5)","background-image":"","background-repeat":"repeat","background-position":"center center","background-size":"auto","background-attachment":"scroll","background-type":"","background-media":"","overlay-type":"","overlay-color":"","overlay-opacity":"","overlay-gradient":""},"mobile":{"background-color":"var(--ast-global-color-5)","background-image":"","background-repeat":"repeat","background-position":"center center","background-size":"auto","background-attachment":"scroll","background-type":"","background-media":"","overlay-type":"","overlay-color":"","overlay-opacity":"","overlay-gradient":""}},"footnotes":""},"class_list":["post-26","page","type-page","status-publish","hentry"],"aioseo_notices":[],"uagb_featured_image_src":{"full":false,"thumbnail":false,"medium":false,"medium_large":false,"large":false,"1536x1536":false,"2048x2048":false},"uagb_author_info":{"display_name":"wpafetar@gmail.com","author_link":"https:\/\/laboratorioafetar.com.br\/index.php\/author\/wpafetargmail-com\/"},"uagb_comment_info":0,"uagb_excerpt":null,"_links":{"self":[{"href":"https:\/\/laboratorioafetar.com.br\/index.php\/wp-json\/wp\/v2\/pages\/26","targetHints":{"allow":["GET"]}}],"collection":[{"href":"https:\/\/laboratorioafetar.com.br\/index.php\/wp-json\/wp\/v2\/pages"}],"about":[{"href":"https:\/\/laboratorioafetar.com.br\/index.php\/wp-json\/wp\/v2\/types\/page"}],"author":[{"embeddable":true,"href":"https:\/\/laboratorioafetar.com.br\/index.php\/wp-json\/wp\/v2\/users\/1"}],"replies":[{"embeddable":true,"href":"https:\/\/laboratorioafetar.com.br\/index.php\/wp-json\/wp\/v2\/comments?post=26"}],"version-history":[{"count":35,"href":"https:\/\/laboratorioafetar.com.br\/index.php\/wp-json\/wp\/v2\/pages\/26\/revisions"}],"predecessor-version":[{"id":472,"href":"https:\/\/laboratorioafetar.com.br\/index.php\/wp-json\/wp\/v2\/pages\/26\/revisions\/472"}],"wp:attachment":[{"href":"https:\/\/laboratorioafetar.com.br\/index.php\/wp-json\/wp\/v2\/media?parent=26"}],"curies":[{"name":"wp","href":"https:\/\/api.w.org\/{rel}","templated":true}]}}